{"id":4182,"date":"2024-11-15T15:34:04","date_gmt":"2024-11-15T14:34:04","guid":{"rendered":"https:\/\/www.cyberagentur.de\/?page_id=4182"},"modified":"2026-01-29T11:54:17","modified_gmt":"2026-01-29T10:54:17","slug":"datenschutzhinweise-videoueberwachung","status":"publish","type":"page","link":"https:\/\/www.cyberagentur.de\/en\/data-protection-information\/datenschutzhinweise-videoueberwachung\/","title":{"rendered":"Data protection information on video surveillance"},"content":{"rendered":"\n<p>The controller responsible for the processing of personal data in the context of video surveillance is<\/p>\n\n<p><strong>Agentur f\u00fcr Innovation in der Cybersicherheit GmbH<br\/><\/strong>Gro\u00dfe Steinstra\u00dfe 19<br\/>06108 Halle (Saale)<\/p>\n\n<p>Phone: +49 151 44150645<br\/>E-mail: <a href=\"mailto:pres&#115;&#101;&#64;cyb&#101;&#114;a&#103;e&#110;tu&#114;.de\">&#112;re&#115;&#115;&#101;&#91;&#97;t]cy&#98;era&#103;e&#110;&#116;u&#114;.&#100;e<\/a><\/p>\n\n<p>If you have specific questions about the protection of your data, please contact the Cyberagentur&#8217;s <strong>data protection officer<\/strong>:<\/p>\n\n<p>Data Protection Officer<br\/>Agentur f\u00fcr Innovation in der Cybersicherheit GmbH<br\/>Gro\u00dfe Steinstra\u00dfe 19<br\/>06108 Halle (Saale)<\/p>\n\n<p>Telephone: +49 151 44150666<br\/>E-mail: <a href=\"mailto:daten&#115;&#99;hut&#122;&#64;&#99;&#121;bera&#103;&#101;n&#116;ur.&#100;e\">dat&#101;&#110;sch&#117;&#116;z&#91;a&#116;&#93;cyb&#101;rag&#101;n&#116;u&#114;.de<\/a><\/p>\n\n<h3 class=\"wp-block-heading has-text-align-left\"><strong>Purposes and legal basis of data processing:<\/strong><\/h3>\n\n<p>The property &#8220;Gro\u00dfe Steinstra\u00dfe 19&#8221; is secured by video surveillance both inside and outside the building (open areas within the fenced property) and also in the area of public traffic areas up to 1 m from the building walls.<\/p>\n\n<p>Video surveillance is carried out to prevent criminal offenses, to preserve evidence and to exercise the domiciliary rights of Agentur f\u00fcr Innovation in der Cybersicherheit GmbH. The legal basis for video surveillance is Art. 6 para.  1 lit. f) GDPR<\/p>\n\n<h3 class=\"wp-block-heading has-text-align-left\"><strong>Legitimate interests that are being pursued:<\/strong><\/h3>\n\n<p>Data protection-friendly basic settings ensure that the interests of the data subjects worthy of protection are not overridden.<\/p>\n\n<h3 class=\"wp-block-heading has-text-align-left\"><strong>Storage duration or criteria for determining the duration:<\/strong><\/h3>\n\n<p>The recordings are deleted immediately as soon as they are no longer required to achieve the purpose or if the interests of the data subject worthy of protection prevent further storage.<\/p>\n\n<h3 class=\"wp-block-heading has-text-align-left\"><strong>Rights of the data subject<\/strong><\/h3>\n\n<p>You have the following rights vis-\u00e0-vis the Cyberagentur with regard to the personal data concerning you as follows:<\/p>\n\n<p>In accordance with Art. 15 GDPR, you have the right to obtain information about the personal data stored about you. If incorrect personal data has been processed, you have the right to rectification in accordance with Art. 16 GDPR. <\/p>\n\n<p>If the legal requirements are met, you can request the erasure or restriction of processing and object to data processing (Art. 17, 18 and 21 GDPR). In accordance with Art. 20 GDPR, you can assert the right to data portability for data that is processed automatically on the basis of your consent or a contract with you. <\/p>\n\n<p>If you are of the opinion that data processing violates data protection law, you have the right to lodge a complaint with a data protection supervisory authority of your choice (Art. 77 GDPR). This also includes the data protection supervisory authority responsible for us: <\/p>\n\n<p>The Federal Commissioner for Data Protection and Freedom of Information, Graurheindorfer Str. 153, 53117 Bonn. Telephone: +49 (0)228-997799-0, e-mail: <a href=\"mailto:&#112;&#111;&#115;t&#115;t&#101;&#108;&#108;&#101;&#64;bfdi&#46;&#98;un&#100;&#46;&#100;&#101;\">&#112;o&#115;&#116;s&#116;el&#108;e[&#97;&#116;]b&#102;&#100;&#105;.&#98;&#117;&#110;&#100;.d&#101;<\/a><\/p>\n","protected":false},"excerpt":{"rendered":"<p>The controller responsible for the processing of personal data in the context of video surveillance is Agentur f\u00fcr Innovation in der Cybersicherheit GmbHGro\u00dfe Steinstra\u00dfe 1906108 Halle (Saale) Phone: +49 151 44150645E-mail: &#112;re&#115;se[&#97;t&#93;&#99;yb&#101;&#114;ag&#101;&#110;&#116;&#117;&#114;&#46;d&#101; If you have specific questions about the protection of your data, please contact the Cyberagentur&#8217;s data protection officer: Data Protection OfficerAgentur f\u00fcr Innovation [&hellip;]<\/p>\n","protected":false},"author":11,"featured_media":0,"parent":4632,"menu_order":0,"comment_status":"closed","ping_status":"closed","template":"","meta":{"_acf_changed":false,"footnotes":""},"class_list":["post-4182","page","type-page","status-publish","hentry"],"acf":[],"yoast_head":"<!-- This site is optimized with the Yoast SEO plugin v27.2 - https:\/\/yoast.com\/product\/yoast-seo-wordpress\/ -->\n<title>Data protection information on video surveillance - Cyberagentur<\/title>\n<meta name=\"robots\" content=\"index, follow, max-snippet:-1, max-image-preview:large, max-video-preview:-1\" \/>\n<link rel=\"canonical\" href=\"https:\/\/www.cyberagentur.de\/en\/data-protection-information\/datenschutzhinweise-videoueberwachung\/\" \/>\n<meta property=\"og:locale\" content=\"en_GB\" \/>\n<meta property=\"og:type\" content=\"article\" \/>\n<meta property=\"og:title\" content=\"Data protection information on video surveillance - Cyberagentur\" \/>\n<meta property=\"og:description\" content=\"The controller responsible for the processing of personal data in the context of video surveillance is Agentur f\u00fcr Innovation in der Cybersicherheit GmbHGro\u00dfe Steinstra\u00dfe 1906108 Halle (Saale) Phone: +49 151 44150645E-mail: pres&#115;&#101;[a&#116;&#093;cy&#098;&#101;&#114;&#097;&#103;entur&#046;de If you have specific questions about the protection of your data, please contact the Cyberagentur&#8217;s data protection officer: Data Protection OfficerAgentur f\u00fcr Innovation [&hellip;]\" \/>\n<meta property=\"og:url\" content=\"https:\/\/www.cyberagentur.de\/en\/data-protection-information\/datenschutzhinweise-videoueberwachung\/\" \/>\n<meta property=\"og:site_name\" content=\"Cyberagentur\" \/>\n<meta property=\"article:modified_time\" content=\"2026-01-29T10:54:17+00:00\" \/>\n<meta name=\"twitter:card\" content=\"summary_large_image\" \/>\n<meta name=\"twitter:label1\" content=\"Estimated reading time\" \/>\n\t<meta name=\"twitter:data1\" content=\"2 minutes\" \/>\n<script type=\"application\/ld+json\" class=\"yoast-schema-graph\">{\"@context\":\"https:\/\/schema.org\",\"@graph\":[{\"@type\":\"WebPage\",\"@id\":\"https:\/\/www.cyberagentur.de\/en\/data-protection-information\/datenschutzhinweise-videoueberwachung\/\",\"url\":\"https:\/\/www.cyberagentur.de\/en\/data-protection-information\/datenschutzhinweise-videoueberwachung\/\",\"name\":\"Data protection information on video surveillance - Cyberagentur\",\"isPartOf\":{\"@id\":\"https:\/\/www.cyberagentur.de\/en\/#website\"},\"datePublished\":\"2024-11-15T14:34:04+00:00\",\"dateModified\":\"2026-01-29T10:54:17+00:00\",\"breadcrumb\":{\"@id\":\"https:\/\/www.cyberagentur.de\/en\/data-protection-information\/datenschutzhinweise-videoueberwachung\/#breadcrumb\"},\"inLanguage\":\"en-GB\",\"potentialAction\":[{\"@type\":\"ReadAction\",\"target\":[\"https:\/\/www.cyberagentur.de\/en\/data-protection-information\/datenschutzhinweise-videoueberwachung\/\"]}]},{\"@type\":\"BreadcrumbList\",\"@id\":\"https:\/\/www.cyberagentur.de\/en\/data-protection-information\/datenschutzhinweise-videoueberwachung\/#breadcrumb\",\"itemListElement\":[{\"@type\":\"ListItem\",\"position\":1,\"name\":\"Home\",\"item\":\"https:\/\/www.cyberagentur.de\/en\/\"},{\"@type\":\"ListItem\",\"position\":2,\"name\":\"Data protection information\",\"item\":\"https:\/\/www.cyberagentur.de\/en\/data-protection-information\/\"},{\"@type\":\"ListItem\",\"position\":3,\"name\":\"Data protection information on video surveillance\"}]},{\"@type\":\"WebSite\",\"@id\":\"https:\/\/www.cyberagentur.de\/en\/#website\",\"url\":\"https:\/\/www.cyberagentur.de\/en\/\",\"name\":\"Cyberagentur\",\"description\":\"\",\"potentialAction\":[{\"@type\":\"SearchAction\",\"target\":{\"@type\":\"EntryPoint\",\"urlTemplate\":\"https:\/\/www.cyberagentur.de\/en\/?s={search_term_string}\"},\"query-input\":{\"@type\":\"PropertyValueSpecification\",\"valueRequired\":true,\"valueName\":\"search_term_string\"}}],\"inLanguage\":\"en-GB\"}]}<\/script>\n<!-- \/ Yoast SEO plugin. -->","yoast_head_json":{"title":"Data protection information on video surveillance - Cyberagentur","robots":{"index":"index","follow":"follow","max-snippet":"max-snippet:-1","max-image-preview":"max-image-preview:large","max-video-preview":"max-video-preview:-1"},"canonical":"https:\/\/www.cyberagentur.de\/en\/data-protection-information\/datenschutzhinweise-videoueberwachung\/","og_locale":"en_GB","og_type":"article","og_title":"Data protection information on video surveillance - Cyberagentur","og_description":"The controller responsible for the processing of personal data in the context of video surveillance is Agentur f\u00fcr Innovation in der Cybersicherheit GmbHGro\u00dfe Steinstra\u00dfe 1906108 Halle (Saale) Phone: +49 151 44150645E-mail: &#112;r&#101;s&#115;&#101;&#91;&#97;&#116;&#93;cybe&#114;ag&#101;&#110;&#116;ur.de If you have specific questions about the protection of your data, please contact the Cyberagentur&#8217;s data protection officer: Data Protection OfficerAgentur f\u00fcr Innovation [&hellip;]","og_url":"https:\/\/www.cyberagentur.de\/en\/data-protection-information\/datenschutzhinweise-videoueberwachung\/","og_site_name":"Cyberagentur","article_modified_time":"2026-01-29T10:54:17+00:00","twitter_card":"summary_large_image","twitter_misc":{"Estimated reading time":"2 minutes"},"schema":{"@context":"https:\/\/schema.org","@graph":[{"@type":"WebPage","@id":"https:\/\/www.cyberagentur.de\/en\/data-protection-information\/datenschutzhinweise-videoueberwachung\/","url":"https:\/\/www.cyberagentur.de\/en\/data-protection-information\/datenschutzhinweise-videoueberwachung\/","name":"Data protection information on video surveillance - Cyberagentur","isPartOf":{"@id":"https:\/\/www.cyberagentur.de\/en\/#website"},"datePublished":"2024-11-15T14:34:04+00:00","dateModified":"2026-01-29T10:54:17+00:00","breadcrumb":{"@id":"https:\/\/www.cyberagentur.de\/en\/data-protection-information\/datenschutzhinweise-videoueberwachung\/#breadcrumb"},"inLanguage":"en-GB","potentialAction":[{"@type":"ReadAction","target":["https:\/\/www.cyberagentur.de\/en\/data-protection-information\/datenschutzhinweise-videoueberwachung\/"]}]},{"@type":"BreadcrumbList","@id":"https:\/\/www.cyberagentur.de\/en\/data-protection-information\/datenschutzhinweise-videoueberwachung\/#breadcrumb","itemListElement":[{"@type":"ListItem","position":1,"name":"Home","item":"https:\/\/www.cyberagentur.de\/en\/"},{"@type":"ListItem","position":2,"name":"Data protection information","item":"https:\/\/www.cyberagentur.de\/en\/data-protection-information\/"},{"@type":"ListItem","position":3,"name":"Data protection information on video surveillance"}]},{"@type":"WebSite","@id":"https:\/\/www.cyberagentur.de\/en\/#website","url":"https:\/\/www.cyberagentur.de\/en\/","name":"Cyberagentur","description":"","potentialAction":[{"@type":"SearchAction","target":{"@type":"EntryPoint","urlTemplate":"https:\/\/www.cyberagentur.de\/en\/?s={search_term_string}"},"query-input":{"@type":"PropertyValueSpecification","valueRequired":true,"valueName":"search_term_string"}}],"inLanguage":"en-GB"}]}},"_links":{"self":[{"href":"https:\/\/www.cyberagentur.de\/en\/wp-json\/wp\/v2\/pages\/4182","targetHints":{"allow":["GET"]}}],"collection":[{"href":"https:\/\/www.cyberagentur.de\/en\/wp-json\/wp\/v2\/pages"}],"about":[{"href":"https:\/\/www.cyberagentur.de\/en\/wp-json\/wp\/v2\/types\/page"}],"author":[{"embeddable":true,"href":"https:\/\/www.cyberagentur.de\/en\/wp-json\/wp\/v2\/users\/11"}],"replies":[{"embeddable":true,"href":"https:\/\/www.cyberagentur.de\/en\/wp-json\/wp\/v2\/comments?post=4182"}],"version-history":[{"count":4,"href":"https:\/\/www.cyberagentur.de\/en\/wp-json\/wp\/v2\/pages\/4182\/revisions"}],"predecessor-version":[{"id":6178,"href":"https:\/\/www.cyberagentur.de\/en\/wp-json\/wp\/v2\/pages\/4182\/revisions\/6178"}],"up":[{"embeddable":true,"href":"https:\/\/www.cyberagentur.de\/en\/wp-json\/wp\/v2\/pages\/4632"}],"wp:attachment":[{"href":"https:\/\/www.cyberagentur.de\/en\/wp-json\/wp\/v2\/media?parent=4182"}],"curies":[{"name":"wp","href":"https:\/\/api.w.org\/{rel}","templated":true}]}}